{"id":4343,"date":"2024-08-06T11:29:59","date_gmt":"2024-08-06T16:29:59","guid":{"rendered":"https:\/\/medellinmeencanta.com\/?page_id=4343"},"modified":"2025-01-07T14:40:11","modified_gmt":"2025-01-07T19:40:11","slug":"tour-ruta-lechera","status":"publish","type":"page","link":"https:\/\/medellinmeencanta.com\/index.php\/tour-ruta-lechera\/","title":{"rendered":"Tour Ruta Lechera"},"content":{"rendered":"\t\t<div data-elementor-type=\"wp-page\" data-elementor-id=\"4343\" class=\"elementor elementor-4343\">\n\t\t\t\t\t\t\t\t\t<section class=\"elementor-section elementor-top-section elementor-element elementor-element-5078571e elementor-section-height-min-height elementor-section-items-stretch elementor-section-boxed elementor-section-height-default\" data-id=\"5078571e\" data-element_type=\"section\" data-settings=\"{&quot;background_background&quot;:&quot;slideshow&quot;,&quot;background_slideshow_gallery&quot;:[{&quot;id&quot;:4364,&quot;url&quot;:&quot;https:\\\/\\\/medellinmeencanta.com\\\/wp-content\\\/uploads\\\/2024\\\/08\\\/DJI_0617-scaled.jpg&quot;},{&quot;id&quot;:4365,&quot;url&quot;:&quot;https:\\\/\\\/medellinmeencanta.com\\\/wp-content\\\/uploads\\\/2024\\\/08\\\/DJI_0624-scaled.jpg&quot;},{&quot;id&quot;:4366,&quot;url&quot;:&quot;https:\\\/\\\/medellinmeencanta.com\\\/wp-content\\\/uploads\\\/2024\\\/08\\\/DJI_0651-scaled.jpg&quot;},{&quot;id&quot;:4367,&quot;url&quot;:&quot;https:\\\/\\\/medellinmeencanta.com\\\/wp-content\\\/uploads\\\/2024\\\/08\\\/DJI_0807-scaled.jpg&quot;},{&quot;id&quot;:4368,&quot;url&quot;:&quot;https:\\\/\\\/medellinmeencanta.com\\\/wp-content\\\/uploads\\\/2024\\\/08\\\/DJI_0818-scaled.jpg&quot;},{&quot;id&quot;:4371,&quot;url&quot;:&quot;https:\\\/\\\/medellinmeencanta.com\\\/wp-content\\\/uploads\\\/2024\\\/08\\\/DJI_0839-scaled.jpg&quot;},{&quot;id&quot;:4372,&quot;url&quot;:&quot;https:\\\/\\\/medellinmeencanta.com\\\/wp-content\\\/uploads\\\/2024\\\/08\\\/DJI_0861-scaled.jpg&quot;},{&quot;id&quot;:4373,&quot;url&quot;:&quot;https:\\\/\\\/medellinmeencanta.com\\\/wp-content\\\/uploads\\\/2024\\\/08\\\/IMG_1973-scaled.jpg&quot;},{&quot;id&quot;:4374,&quot;url&quot;:&quot;https:\\\/\\\/medellinmeencanta.com\\\/wp-content\\\/uploads\\\/2024\\\/08\\\/IMG_1990-scaled.jpg&quot;},{&quot;id&quot;:4375,&quot;url&quot;:&quot;https:\\\/\\\/medellinmeencanta.com\\\/wp-content\\\/uploads\\\/2024\\\/08\\\/IMG_2018-scaled.jpg&quot;},{&quot;id&quot;:4377,&quot;url&quot;:&quot;https:\\\/\\\/medellinmeencanta.com\\\/wp-content\\\/uploads\\\/2024\\\/08\\\/IMG_2032-scaled.jpg&quot;},{&quot;id&quot;:4378,&quot;url&quot;:&quot;https:\\\/\\\/medellinmeencanta.com\\\/wp-content\\\/uploads\\\/2024\\\/08\\\/IMG_2059-scaled.jpg&quot;},{&quot;id&quot;:4379,&quot;url&quot;:&quot;https:\\\/\\\/medellinmeencanta.com\\\/wp-content\\\/uploads\\\/2024\\\/08\\\/IMG_2067-scaled.jpg&quot;},{&quot;id&quot;:4381,&quot;url&quot;:&quot;https:\\\/\\\/medellinmeencanta.com\\\/wp-content\\\/uploads\\\/2024\\\/08\\\/IMG_2076-scaled.jpg&quot;},{&quot;id&quot;:4383,&quot;url&quot;:&quot;https:\\\/\\\/medellinmeencanta.com\\\/wp-content\\\/uploads\\\/2024\\\/08\\\/IMG_2078-scaled.jpg&quot;}],&quot;background_slideshow_ken_burns&quot;:&quot;yes&quot;,&quot;background_slideshow_loop&quot;:&quot;yes&quot;,&quot;background_slideshow_slide_duration&quot;:5000,&quot;background_slideshow_slide_transition&quot;:&quot;fade&quot;,&quot;background_slideshow_transition_duration&quot;:500,&quot;background_slideshow_ken_burns_zoom_direction&quot;:&quot;in&quot;}\">\n\t\t\t\t\t\t\t<div class=\"elementor-background-overlay\"><\/div>\n\t\t\t\t\t\t\t<div class=\"elementor-container elementor-column-gap-default\">\n\t\t\t\t\t<div class=\"elementor-column elementor-col-100 elementor-top-column elementor-element elementor-element-4fbb53d2\" data-id=\"4fbb53d2\" data-element_type=\"column\">\n\t\t\t<div class=\"elementor-widget-wrap\">\n\t\t\t\t\t\t\t\t\t<\/div>\n\t\t<\/div>\n\t\t\t\t\t\t\t<\/div>\n\t\t<\/section>\n\t\t<div class=\"elementor-element elementor-element-66e17fe e-container--row e-container\" data-id=\"66e17fe\" data-element_type=\"container\">\t\t\t\t<div class=\"elementor-element elementor-element-da6197d elementor-aspect-ratio-32 elementor-widget-mobile__width-inherit elementor-widget elementor-widget-video\" data-id=\"da6197d\" data-element_type=\"widget\" data-settings=\"{&quot;youtube_url&quot;:&quot;https:\\\/\\\/youtu.be\\\/CQLRBzuW4H0&quot;,&quot;play_on_mobile&quot;:&quot;yes&quot;,&quot;aspect_ratio&quot;:&quot;32&quot;,&quot;show_image_overlay&quot;:&quot;yes&quot;,&quot;image_overlay&quot;:{&quot;url&quot;:&quot;https:\\\/\\\/medellinmeencanta.com\\\/wp-content\\\/uploads\\\/2024\\\/08\\\/DJI_0807-1-scaled.jpg&quot;,&quot;id&quot;:4411,&quot;alt&quot;:&quot;&quot;,&quot;source&quot;:&quot;library&quot;},&quot;video_type&quot;:&quot;youtube&quot;}\" data-widget_type=\"video.default\">\n\t\t\t\t<div class=\"elementor-widget-container\">\n\t\t\t<style>\/*! elementor - v3.6.5 - 27-04-2022 *\/\n.elementor-widget-video .elementor-widget-container{overflow:hidden;-webkit-transform:translateZ(0);transform:translateZ(0)}.elementor-widget-video .elementor-open-inline .elementor-custom-embed-image-overlay{position:absolute;top:0;left:0;width:100%;height:100%;background-size:cover;background-position:50%}.elementor-widget-video .elementor-custom-embed-image-overlay{cursor:pointer;text-align:center}.elementor-widget-video .elementor-custom-embed-image-overlay:hover .elementor-custom-embed-play i{opacity:1}.elementor-widget-video .elementor-custom-embed-image-overlay img{display:block;width:100%}.elementor-widget-video .e-hosted-video .elementor-video{-o-object-fit:cover;object-fit:cover}<\/style>\t\t<div class=\"elementor-wrapper elementor-fit-aspect-ratio elementor-open-inline\">\n\t\t\t<div class=\"elementor-video\"><\/div>\t\t\t\t<div class=\"elementor-custom-embed-image-overlay\" style=\"background-image: url(https:\/\/medellinmeencanta.com\/wp-content\/uploads\/2024\/08\/DJI_0807-1-scaled.jpg);\">\n\t\t\t\t\t\t\t\t\t\t\t\t\t\t\t\t<div class=\"elementor-custom-embed-play\" role=\"button\" aria-label=\"Reproducir v\u00eddeo\" tabindex=\"0\">\n\t\t\t\t\t\t\t<i aria-hidden=\"true\" class=\"eicon-play\"><\/i>\t\t\t\t\t\t\t<span class=\"elementor-screen-only\">Reproducir v\u00eddeo<\/span>\n\t\t\t\t\t\t<\/div>\n\t\t\t\t\t\t\t\t\t<\/div>\n\t\t\t\t\t<\/div>\n\t\t\t\t<\/div>\n\t\t\t\t<\/div>\n\t\t<\/div><div class=\"elementor-element elementor-element-783adbfc e-container--column e-container\" data-id=\"783adbfc\" data-element_type=\"container\" data-settings=\"{&quot;background_background&quot;:&quot;classic&quot;}\">\t\t\t\t<div class=\"elementor-element elementor-element-28094499 elementor-widget elementor-widget-heading\" data-id=\"28094499\" data-element_type=\"widget\" data-widget_type=\"heading.default\">\n\t\t\t\t<div class=\"elementor-widget-container\">\n\t\t\t<style>\/*! elementor - v3.6.5 - 27-04-2022 *\/\n.elementor-heading-title{padding:0;margin:0;line-height:1}.elementor-widget-heading .elementor-heading-title[class*=elementor-size-]>a{color:inherit;font-size:inherit;line-height:inherit}.elementor-widget-heading .elementor-heading-title.elementor-size-small{font-size:15px}.elementor-widget-heading .elementor-heading-title.elementor-size-medium{font-size:19px}.elementor-widget-heading .elementor-heading-title.elementor-size-large{font-size:29px}.elementor-widget-heading .elementor-heading-title.elementor-size-xl{font-size:39px}.elementor-widget-heading .elementor-heading-title.elementor-size-xxl{font-size:59px}<\/style><h2 class=\"elementor-heading-title elementor-size-medium\">Tour Ruta Lechera. Del Campo a la Ciudad. <\/h2>\t\t<\/div>\n\t\t\t\t<\/div>\n\t\t<\/div><div class=\"elementor-element elementor-element-41e65b50 e-container--column e-container\" data-id=\"41e65b50\" data-element_type=\"container\">\t\t\t\t<div class=\"elementor-element elementor-element-2bddc788 elementor-widget-mobile__width-inherit elementor-widget elementor-widget-accordion\" data-id=\"2bddc788\" data-element_type=\"widget\" data-widget_type=\"accordion.default\">\n\t\t\t\t<div class=\"elementor-widget-container\">\n\t\t\t<style>\/*! elementor - v3.6.5 - 27-04-2022 *\/\n.elementor-accordion{text-align:left}.elementor-accordion .elementor-accordion-item{border:1px solid #d4d4d4}.elementor-accordion .elementor-accordion-item+.elementor-accordion-item{border-top:none}.elementor-accordion .elementor-tab-title{margin:0;padding:15px 20px;font-weight:700;line-height:1;cursor:pointer;outline:none}.elementor-accordion .elementor-tab-title .elementor-accordion-icon{display:inline-block;width:1.5em}.elementor-accordion .elementor-tab-title .elementor-accordion-icon svg{width:1em;height:1em}.elementor-accordion .elementor-tab-title .elementor-accordion-icon.elementor-accordion-icon-right{float:right;text-align:right}.elementor-accordion .elementor-tab-title .elementor-accordion-icon.elementor-accordion-icon-left{float:left;text-align:left}.elementor-accordion .elementor-tab-title .elementor-accordion-icon .elementor-accordion-icon-closed{display:block}.elementor-accordion .elementor-tab-title .elementor-accordion-icon .elementor-accordion-icon-opened,.elementor-accordion .elementor-tab-title.elementor-active .elementor-accordion-icon-closed{display:none}.elementor-accordion .elementor-tab-title.elementor-active .elementor-accordion-icon-opened{display:block}.elementor-accordion .elementor-tab-content{display:none;padding:15px 20px;border-top:1px solid #d4d4d4}@media (max-width:767px){.elementor-accordion .elementor-tab-title{padding:12px 15px}.elementor-accordion .elementor-tab-title .elementor-accordion-icon{width:1.2em}.elementor-accordion .elementor-tab-content{padding:7px 15px}}<\/style>\t\t<div class=\"elementor-accordion\" role=\"tablist\">\n\t\t\t\t\t\t\t<div class=\"elementor-accordion-item\">\n\t\t\t\t\t<div id=\"elementor-tab-title-7351\" class=\"elementor-tab-title\" data-tab=\"1\" role=\"tab\" aria-controls=\"elementor-tab-content-7351\" aria-expanded=\"false\">\n\t\t\t\t\t\t\t\t\t\t\t\t\t<span class=\"elementor-accordion-icon elementor-accordion-icon-right\" aria-hidden=\"true\">\n\t\t\t\t\t\t\t\t\t\t\t\t\t\t\t<span class=\"elementor-accordion-icon-closed\"><i class=\"fas fa-chevron-down\"><\/i><\/span>\n\t\t\t\t\t\t\t\t<span class=\"elementor-accordion-icon-opened\"><i class=\"fas fa-angle-double-up\"><\/i><\/span>\n\t\t\t\t\t\t\t\t\t\t\t\t\t\t<\/span>\n\t\t\t\t\t\t\t\t\t\t\t\t<a class=\"elementor-accordion-title\" href=\"\">DESCRIPCI\u00d3N<\/a>\n\t\t\t\t\t<\/div>\n\t\t\t\t\t<div id=\"elementor-tab-content-7351\" class=\"elementor-tab-content elementor-clearfix\" data-tab=\"1\" role=\"tabpanel\" aria-labelledby=\"elementor-tab-title-7351\"><p style=\"text-align: center;\"><strong>\u00bfBUSCAS UN PLAN DIFERENTE EN FAMILIA?<\/strong><br \/>\u00a1La Ruta Lechera de Antioquia es el plan ideal!<\/p><p>Ven y vive en familia un d\u00eda totalmente diferente en contacto con la naturaleza. En nuestro <strong>TOUR RUTA LECHERA<\/strong> Aprender\u00e1n sobre el proceso de elaboraci\u00f3n del queso y disfrutar\u00e1n de todas las actividades al aire libre, con la tranquilidad que s\u00f3lo el campo puede ofrecer.<\/p><p>Y nada como interacturar con los animales de la granja y degustar las delicias tradicionales de cada uno de los pueblos que visitaremos en la <strong>RUTA LECHERA POR ANTIOQUIA<\/strong> que lo tiene todo.<\/p><p>No te lo puedes perder!&#8230; San Pedro de los Milagros, Entrerr\u00edos y Santa Rosa de Osos lugares caracter\u00edsticos de nuestra Suiza Colombiana, que tendr\u00e1s el gusto de conocer en un s\u00f3lo recorrido que lo tiene todo y desde Medellin.<\/p><p><strong>LA RUTA LECHERA<\/strong> te ofrece una opci\u00f3n diferente, natural y muy completa, para vivir en familia. \u00a1No dejes que te lo cuenten&#8230; Vivilo!<\/p><p>!Somos Turismo en Medellin&#8230; Creadores de Memorias!<\/p><p>Salidas todos los domingos.<\/p><\/div>\n\t\t\t\t<\/div>\n\t\t\t\t\t\t\t<div class=\"elementor-accordion-item\">\n\t\t\t\t\t<div id=\"elementor-tab-title-7352\" class=\"elementor-tab-title\" data-tab=\"2\" role=\"tab\" aria-controls=\"elementor-tab-content-7352\" aria-expanded=\"false\">\n\t\t\t\t\t\t\t\t\t\t\t\t\t<span class=\"elementor-accordion-icon elementor-accordion-icon-right\" aria-hidden=\"true\">\n\t\t\t\t\t\t\t\t\t\t\t\t\t\t\t<span class=\"elementor-accordion-icon-closed\"><i class=\"fas fa-chevron-down\"><\/i><\/span>\n\t\t\t\t\t\t\t\t<span class=\"elementor-accordion-icon-opened\"><i class=\"fas fa-angle-double-up\"><\/i><\/span>\n\t\t\t\t\t\t\t\t\t\t\t\t\t\t<\/span>\n\t\t\t\t\t\t\t\t\t\t\t\t<a class=\"elementor-accordion-title\" href=\"\">TARIFAS<\/a>\n\t\t\t\t\t<\/div>\n\t\t\t\t\t<div id=\"elementor-tab-content-7352\" class=\"elementor-tab-content elementor-clearfix\" data-tab=\"2\" role=\"tabpanel\" aria-labelledby=\"elementor-tab-title-7352\"><p>Tarifa por persona:<\/p><p>Adulto: $ 149.000<br \/>Ni\u00f1o mayor de 03 a\u00f1os: $ 149.000<br \/>Ni\u00f1o de 0 a 02 a\u00f1os: $ 20.000<\/p><\/div>\n\t\t\t\t<\/div>\n\t\t\t\t\t\t\t<div class=\"elementor-accordion-item\">\n\t\t\t\t\t<div id=\"elementor-tab-title-7353\" class=\"elementor-tab-title\" data-tab=\"3\" role=\"tab\" aria-controls=\"elementor-tab-content-7353\" aria-expanded=\"false\">\n\t\t\t\t\t\t\t\t\t\t\t\t\t<span class=\"elementor-accordion-icon elementor-accordion-icon-right\" aria-hidden=\"true\">\n\t\t\t\t\t\t\t\t\t\t\t\t\t\t\t<span class=\"elementor-accordion-icon-closed\"><i class=\"fas fa-chevron-down\"><\/i><\/span>\n\t\t\t\t\t\t\t\t<span class=\"elementor-accordion-icon-opened\"><i class=\"fas fa-angle-double-up\"><\/i><\/span>\n\t\t\t\t\t\t\t\t\t\t\t\t\t\t<\/span>\n\t\t\t\t\t\t\t\t\t\t\t\t<a class=\"elementor-accordion-title\" href=\"\">HORARIOS<\/a>\n\t\t\t\t\t<\/div>\n\t\t\t\t\t<div id=\"elementor-tab-content-7353\" class=\"elementor-tab-content elementor-clearfix\" data-tab=\"3\" role=\"tabpanel\" aria-labelledby=\"elementor-tab-title-7353\"><p><strong>Duracion<\/strong>: 1 D\u00eda<br \/><strong>Hora de Salida<\/strong>: 6:30 a.m<br \/><strong>Hora de Llegada<\/strong>: 8:00 p.m Aproximado.<\/p><p><strong>Punto de Encuentro<\/strong><br \/>C\u00e1mara de Comercio de Medell\u00edn, sobre la Avenida Oriental<\/p><\/div>\n\t\t\t\t<\/div>\n\t\t\t\t\t\t\t<div class=\"elementor-accordion-item\">\n\t\t\t\t\t<div id=\"elementor-tab-title-7354\" class=\"elementor-tab-title\" data-tab=\"4\" role=\"tab\" aria-controls=\"elementor-tab-content-7354\" aria-expanded=\"false\">\n\t\t\t\t\t\t\t\t\t\t\t\t\t<span class=\"elementor-accordion-icon elementor-accordion-icon-right\" aria-hidden=\"true\">\n\t\t\t\t\t\t\t\t\t\t\t\t\t\t\t<span class=\"elementor-accordion-icon-closed\"><i class=\"fas fa-chevron-down\"><\/i><\/span>\n\t\t\t\t\t\t\t\t<span class=\"elementor-accordion-icon-opened\"><i class=\"fas fa-angle-double-up\"><\/i><\/span>\n\t\t\t\t\t\t\t\t\t\t\t\t\t\t<\/span>\n\t\t\t\t\t\t\t\t\t\t\t\t<a class=\"elementor-accordion-title\" href=\"\">INCLUYE<\/a>\n\t\t\t\t\t<\/div>\n\t\t\t\t\t<div id=\"elementor-tab-content-7354\" class=\"elementor-tab-content elementor-clearfix\" data-tab=\"4\" role=\"tabpanel\" aria-labelledby=\"elementor-tab-title-7354\"><ul><li>Transporte en veh\u00edculos seg\u00fan el n\u00famero de personas<\/li><li>Interact\u00faa con los animalitos de la granja<\/li><li>Aprende a elaborar un delicioso queso artesanal propio del tour lechero<\/li><li>Toma un desayuno en medio de un ambiente campestre.<\/li><li>Deleitate con un delicioso almuerzo.<\/li><li>Disfruta de la naturaleza y sus alrrededores en Plaza del Rio, donde interact\u00faas con caballos percheros y las ex\u00f3ticas avestruces, en familia y con amigos.<\/li><li>Recorre caminando por los municipios de San Pedro de los Milagros, Entrerr\u00edos y Santa Rosa de Osos donde evidenciaras cultura, tradici\u00f3n, historia y arte.<\/li><li>Tarjeta de asistencia m\u00e9dica<br \/>Gu\u00eda acompa\u00f1ante para el recorrido.<\/li><li>Ambiente familiar donde ni\u00f1os y adultos se recrean respirando aire puro.<\/li><\/ul><\/div>\n\t\t\t\t<\/div>\n\t\t\t\t\t\t\t<div class=\"elementor-accordion-item\">\n\t\t\t\t\t<div id=\"elementor-tab-title-7355\" class=\"elementor-tab-title\" data-tab=\"5\" role=\"tab\" aria-controls=\"elementor-tab-content-7355\" aria-expanded=\"false\">\n\t\t\t\t\t\t\t\t\t\t\t\t\t<span class=\"elementor-accordion-icon elementor-accordion-icon-right\" aria-hidden=\"true\">\n\t\t\t\t\t\t\t\t\t\t\t\t\t\t\t<span class=\"elementor-accordion-icon-closed\"><i class=\"fas fa-chevron-down\"><\/i><\/span>\n\t\t\t\t\t\t\t\t<span class=\"elementor-accordion-icon-opened\"><i class=\"fas fa-angle-double-up\"><\/i><\/span>\n\t\t\t\t\t\t\t\t\t\t\t\t\t\t<\/span>\n\t\t\t\t\t\t\t\t\t\t\t\t<a class=\"elementor-accordion-title\" href=\"\">RECOMENDACIONES<\/a>\n\t\t\t\t\t<\/div>\n\t\t\t\t\t<div id=\"elementor-tab-content-7355\" class=\"elementor-tab-content elementor-clearfix\" data-tab=\"5\" role=\"tabpanel\" aria-labelledby=\"elementor-tab-title-7355\"><ul><li>Portar ropa y zapatos c\u00f3modos, use gorra o sombrero, gafas para el sol, bloqueador solar, portar abrigo y sombrilla.<\/li><li>No olvide la c\u00e1mara fotogr\u00e1fica o de video.<\/li><li>\u00c9ste servicio requiere reserva previa.<\/li><li>Ser amigable con el medio ambiente, proteger el patrimonio arquitect\u00f3nico y cultural, atender orientaciones del gu\u00eda.<\/li><li>Agradecemos la puntualidad para que todo nuestro tour sea un exito.<\/li><li>Portar siempre sus documentos de Identidad originales.<\/li><li>Si va a realizar sus pagos con tarjeta de cr\u00e9dito presentar la documentaci\u00f3n que los acredite como titular de la tarjeta.<\/li><\/ul><\/div>\n\t\t\t\t<\/div>\n\t\t\t\t\t\t\t<div class=\"elementor-accordion-item\">\n\t\t\t\t\t<div id=\"elementor-tab-title-7356\" class=\"elementor-tab-title\" data-tab=\"6\" role=\"tab\" aria-controls=\"elementor-tab-content-7356\" aria-expanded=\"false\">\n\t\t\t\t\t\t\t\t\t\t\t\t\t<span class=\"elementor-accordion-icon elementor-accordion-icon-right\" aria-hidden=\"true\">\n\t\t\t\t\t\t\t\t\t\t\t\t\t\t\t<span class=\"elementor-accordion-icon-closed\"><i class=\"fas fa-chevron-down\"><\/i><\/span>\n\t\t\t\t\t\t\t\t<span class=\"elementor-accordion-icon-opened\"><i class=\"fas fa-angle-double-up\"><\/i><\/span>\n\t\t\t\t\t\t\t\t\t\t\t\t\t\t<\/span>\n\t\t\t\t\t\t\t\t\t\t\t\t<a class=\"elementor-accordion-title\" href=\"\">OPINIONES<\/a>\n\t\t\t\t\t<\/div>\n\t\t\t\t\t<div id=\"elementor-tab-content-7356\" class=\"elementor-tab-content elementor-clearfix\" data-tab=\"6\" role=\"tabpanel\" aria-labelledby=\"elementor-tab-title-7356\"><p>Excelente experiencia<\/p><\/div>\n\t\t\t\t<\/div>\n\t\t\t\t\t\t\t\t<\/div>\n\t\t\t\t<\/div>\n\t\t\t\t<\/div>\n\t\t<\/div><div class=\"elementor-element elementor-element-1e25b96d e-container--row e-container\" data-id=\"1e25b96d\" data-element_type=\"container\" data-settings=\"{&quot;background_background&quot;:&quot;classic&quot;}\">\t\t<div class=\"elementor-element elementor-element-405ee0c5 e-container--column e-container\" data-id=\"405ee0c5\" data-element_type=\"container\">\t\t\t\t<div class=\"elementor-element elementor-element-b05ec5e elementor-widget elementor-widget-text-editor\" data-id=\"b05ec5e\" data-element_type=\"widget\" data-widget_type=\"text-editor.default\">\n\t\t\t\t<div class=\"elementor-widget-container\">\n\t\t\t<style>\/*! elementor - v3.6.5 - 27-04-2022 *\/\n.elementor-widget-text-editor.elementor-drop-cap-view-stacked .elementor-drop-cap{background-color:#818a91;color:#fff}.elementor-widget-text-editor.elementor-drop-cap-view-framed .elementor-drop-cap{color:#818a91;border:3px solid;background-color:transparent}.elementor-widget-text-editor:not(.elementor-drop-cap-view-default) .elementor-drop-cap{margin-top:8px}.elementor-widget-text-editor:not(.elementor-drop-cap-view-default) .elementor-drop-cap-letter{width:1em;height:1em}.elementor-widget-text-editor .elementor-drop-cap{float:left;text-align:center;line-height:1;font-size:50px}.elementor-widget-text-editor .elementor-drop-cap-letter{display:inline-block}<\/style>\t\t\t\t<p><span style=\"color: #808080;\">Desde<\/span><\/p><p>$ 159.000<\/p>\t\t\t\t\t\t<\/div>\n\t\t\t\t<\/div>\n\t\t<\/div><div class=\"elementor-element elementor-element-1582d5da e-container--column e-container\" data-id=\"1582d5da\" data-element_type=\"container\">\t\t\t\t<div class=\"elementor-element elementor-element-a6cf6a0 elementor-add-to-cart--align-left elementor-add-to-cart-mobile--align-center elementor-widget elementor-widget-wc-add-to-cart\" data-id=\"a6cf6a0\" data-element_type=\"widget\" data-widget_type=\"wc-add-to-cart.default\">\n\t\t\t\t<div class=\"elementor-widget-container\">\n\t\t\t<link rel=\"stylesheet\" href=\"https:\/\/medellinmeencanta.com\/wp-content\/plugins\/elementor-pro\/assets\/css\/widget-woocommerce.min.css\">\t\t<div class=\"elementor-button-wrapper\">\n\t\t\t<a rel=\"nofollow\" href=\"https:\/\/medellinmeencanta.com\/index.php\/producto\/tour-ruta-lechera\/\" data-quantity=\"1\" data-product_id=\"4384\" class=\"product_type_booking add_to_cart_button elementor-button elementor-size-lg elementor-animation-grow\" role=\"button\">\n\t\t\t\t\t\t<span class=\"elementor-button-content-wrapper\">\n\t\t\t\t\t\t\t<span class=\"elementor-button-icon elementor-align-icon-right\">\n\t\t\t\t<i aria-hidden=\"true\" class=\"fab fa-sistrix\"><\/i>\t\t\t<\/span>\n\t\t\t\t\t\t<span class=\"elementor-button-text\">Ver disponibilidad<\/span>\n\t\t<\/span>\n\t\t\t\t\t<\/a>\n\t\t<\/div>\n\t\t\t\t<\/div>\n\t\t\t\t<\/div>\n\t\t<\/div><\/div><div class=\"elementor-element elementor-element-558d413e e-container--column e-container\" data-id=\"558d413e\" data-element_type=\"container\">\t\t\t\t<div class=\"elementor-element elementor-element-86e5fc4 elementor-widget-mobile__width-inherit elementor-widget elementor-widget-heading\" data-id=\"86e5fc4\" data-element_type=\"widget\" data-widget_type=\"heading.default\">\n\t\t\t\t<div class=\"elementor-widget-container\">\n\t\t\t<h2 class=\"elementor-heading-title elementor-size-default\">Esto tambi\u00e9n te encantar\u00e1<\/h2>\t\t<\/div>\n\t\t\t\t<\/div>\n\t\t<\/div><div class=\"elementor-element elementor-element-1be71b24 e-container--column e-container\" data-id=\"1be71b24\" data-element_type=\"container\">\t\t\t\t<div class=\"elementor-element elementor-element-7c2d2e9b elementor-grid-mobile-1 elementor-product-loop-item--align-left elementor-grid-4 elementor-grid-tablet-3 elementor-products-grid elementor-wc-products elementor-widget elementor-widget-woocommerce-products\" data-id=\"7c2d2e9b\" data-element_type=\"widget\" data-widget_type=\"woocommerce-products.default\">\n\t\t\t\t<div class=\"elementor-widget-container\">\n\t\t\t<div class=\"woocommerce columns-4 \"><ul class=\"products elementor-grid columns-4\">\n<li class=\"product type-product post-4384 status-publish first instock product_cat-medellin-me-encanta has-post-thumbnail virtual sold-individually purchasable product-type-booking\">\n\t<\/li>\n<li class=\"product type-product post-4369 status-publish instock product_cat-medellin product_cat-medellin-me-encanta product_cat-santa-elena has-post-thumbnail virtual sold-individually purchasable product-type-booking\">\n\t<\/li>\n<li class=\"product type-product post-3804 status-publish instock product_cat-medellin product_cat-medellin-me-encanta product_cat-santa-elena has-post-thumbnail virtual sold-individually purchasable product-type-booking\">\n\t<\/li>\n<li class=\"product type-product post-3688 status-publish last instock product_cat-medellin product_cat-medellin-me-encanta product_cat-santa-elena has-post-thumbnail virtual sold-individually purchasable product-type-booking\">\n\t<\/li>\n<\/ul>\n<\/div>\t\t<\/div>\n\t\t\t\t<\/div>\n\t\t<\/div>\t\t\t\t\t<\/div>\n\t\t","protected":false},"excerpt":{"rendered":"<p>Tour Ruta Lechera. Del Campo a la Ciudad. DESCRIPCI\u00d3N \u00bfBUSCAS UN PLAN DIFERENTE EN FAMILIA?\u00a1La Ruta Lechera de Antioquia es el plan ideal! Ven y vive en familia un d\u00eda totalmente diferente en contacto con la naturaleza. En nuestro TOUR RUTA LECHERA Aprender\u00e1n sobre el proceso de elaboraci\u00f3n del queso y disfrutar\u00e1n de todas las [&hellip;]<\/p>\n","protected":false},"author":2,"featured_media":0,"parent":0,"menu_order":0,"comment_status":"closed","ping_status":"closed","template":"","meta":{"footnotes":"","_joinchat":[]},"_links":{"self":[{"href":"https:\/\/medellinmeencanta.com\/index.php\/wp-json\/wp\/v2\/pages\/4343"}],"collection":[{"href":"https:\/\/medellinmeencanta.com\/index.php\/wp-json\/wp\/v2\/pages"}],"about":[{"href":"https:\/\/medellinmeencanta.com\/index.php\/wp-json\/wp\/v2\/types\/page"}],"author":[{"embeddable":true,"href":"https:\/\/medellinmeencanta.com\/index.php\/wp-json\/wp\/v2\/users\/2"}],"replies":[{"embeddable":true,"href":"https:\/\/medellinmeencanta.com\/index.php\/wp-json\/wp\/v2\/comments?post=4343"}],"version-history":[{"count":43,"href":"https:\/\/medellinmeencanta.com\/index.php\/wp-json\/wp\/v2\/pages\/4343\/revisions"}],"predecessor-version":[{"id":4514,"href":"https:\/\/medellinmeencanta.com\/index.php\/wp-json\/wp\/v2\/pages\/4343\/revisions\/4514"}],"wp:attachment":[{"href":"https:\/\/medellinmeencanta.com\/index.php\/wp-json\/wp\/v2\/media?parent=4343"}],"curies":[{"name":"wp","href":"https:\/\/api.w.org\/{rel}","templated":true}]}}