{"id":943,"date":"2023-11-17T18:22:53","date_gmt":"2023-11-17T23:22:53","guid":{"rendered":"https:\/\/medellinmeencanta.com\/?page_id=943"},"modified":"2025-01-07T13:10:24","modified_gmt":"2025-01-07T18:10:24","slug":"guatape","status":"publish","type":"page","link":"https:\/\/medellinmeencanta.com\/index.php\/guatape\/","title":{"rendered":"Tour a Guatape"},"content":{"rendered":"\t\t<div data-elementor-type=\"wp-page\" data-elementor-id=\"943\" class=\"elementor elementor-943\">\n\t\t\t\t\t\t\t\t\t<section class=\"elementor-section elementor-top-section elementor-element elementor-element-435f87c3 elementor-section-height-min-height elementor-section-items-stretch elementor-section-boxed elementor-section-height-default\" data-id=\"435f87c3\" data-element_type=\"section\" data-settings=\"{&quot;background_background&quot;:&quot;slideshow&quot;,&quot;background_slideshow_gallery&quot;:[{&quot;id&quot;:2284,&quot;url&quot;:&quot;https:\\\/\\\/medellinmeencanta.com\\\/wp-content\\\/uploads\\\/2024\\\/02\\\/DSC_0246-Editar-scaled.jpg&quot;},{&quot;id&quot;:2286,&quot;url&quot;:&quot;https:\\\/\\\/medellinmeencanta.com\\\/wp-content\\\/uploads\\\/2024\\\/02\\\/DSC_0270-scaled.jpg&quot;},{&quot;id&quot;:2287,&quot;url&quot;:&quot;https:\\\/\\\/medellinmeencanta.com\\\/wp-content\\\/uploads\\\/2024\\\/02\\\/DSC_0281-Editar-scaled.jpg&quot;},{&quot;id&quot;:2288,&quot;url&quot;:&quot;https:\\\/\\\/medellinmeencanta.com\\\/wp-content\\\/uploads\\\/2024\\\/02\\\/DSC_0291-Editar-scaled.jpg&quot;},{&quot;id&quot;:2289,&quot;url&quot;:&quot;https:\\\/\\\/medellinmeencanta.com\\\/wp-content\\\/uploads\\\/2024\\\/02\\\/DSC_0297-scaled.jpg&quot;},{&quot;id&quot;:2290,&quot;url&quot;:&quot;https:\\\/\\\/medellinmeencanta.com\\\/wp-content\\\/uploads\\\/2024\\\/02\\\/REPRESA-GUATAPE-scaled.jpg&quot;}],&quot;background_slideshow_ken_burns&quot;:&quot;yes&quot;,&quot;background_slideshow_loop&quot;:&quot;yes&quot;,&quot;background_slideshow_slide_duration&quot;:5000,&quot;background_slideshow_slide_transition&quot;:&quot;fade&quot;,&quot;background_slideshow_transition_duration&quot;:500,&quot;background_slideshow_ken_burns_zoom_direction&quot;:&quot;in&quot;}\">\n\t\t\t\t\t\t\t<div class=\"elementor-background-overlay\"><\/div>\n\t\t\t\t\t\t\t<div class=\"elementor-container elementor-column-gap-default\">\n\t\t\t\t\t<div class=\"elementor-column elementor-col-100 elementor-top-column elementor-element elementor-element-6e5b8a99\" data-id=\"6e5b8a99\" data-element_type=\"column\">\n\t\t\t<div class=\"elementor-widget-wrap\">\n\t\t\t\t\t\t\t\t\t<\/div>\n\t\t<\/div>\n\t\t\t\t\t\t\t<\/div>\n\t\t<\/section>\n\t\t\t\t<section class=\"elementor-section elementor-top-section elementor-element elementor-element-4a871b8 elementor-section-height-min-height elementor-section-items-stretch elementor-section-boxed elementor-section-height-default\" data-id=\"4a871b8\" data-element_type=\"section\" data-settings=\"{&quot;background_background&quot;:&quot;slideshow&quot;,&quot;background_slideshow_ken_burns&quot;:&quot;yes&quot;,&quot;background_slideshow_gallery&quot;:[],&quot;background_slideshow_loop&quot;:&quot;yes&quot;,&quot;background_slideshow_slide_duration&quot;:5000,&quot;background_slideshow_slide_transition&quot;:&quot;fade&quot;,&quot;background_slideshow_transition_duration&quot;:500,&quot;background_slideshow_ken_burns_zoom_direction&quot;:&quot;in&quot;}\">\n\t\t\t\t\t\t\t<div class=\"elementor-background-overlay\"><\/div>\n\t\t\t\t\t\t\t<div class=\"elementor-container elementor-column-gap-default\">\n\t\t\t\t\t<div class=\"elementor-column elementor-col-100 elementor-top-column elementor-element elementor-element-834fcfd\" data-id=\"834fcfd\" data-element_type=\"column\">\n\t\t\t<div class=\"elementor-widget-wrap elementor-element-populated\">\n\t\t\t\t\t\t\t\t<div class=\"elementor-element elementor-element-d55670b elementor-aspect-ratio-32 elementor-widget elementor-widget-video\" data-id=\"d55670b\" data-element_type=\"widget\" data-settings=\"{&quot;youtube_url&quot;:&quot;https:\\\/\\\/youtu.be\\\/CmBL-DiSrVs&quot;,&quot;play_on_mobile&quot;:&quot;yes&quot;,&quot;show_image_overlay&quot;:&quot;yes&quot;,&quot;image_overlay&quot;:{&quot;url&quot;:&quot;https:\\\/\\\/medellinmeencanta.com\\\/wp-content\\\/uploads\\\/2024\\\/02\\\/DSC_0246-Editar-scaled.jpg&quot;,&quot;id&quot;:2284,&quot;alt&quot;:&quot;&quot;,&quot;source&quot;:&quot;library&quot;},&quot;aspect_ratio&quot;:&quot;32&quot;,&quot;video_type&quot;:&quot;youtube&quot;}\" data-widget_type=\"video.default\">\n\t\t\t\t<div class=\"elementor-widget-container\">\n\t\t\t<style>\/*! elementor - v3.6.5 - 27-04-2022 *\/\n.elementor-widget-video .elementor-widget-container{overflow:hidden;-webkit-transform:translateZ(0);transform:translateZ(0)}.elementor-widget-video .elementor-open-inline .elementor-custom-embed-image-overlay{position:absolute;top:0;left:0;width:100%;height:100%;background-size:cover;background-position:50%}.elementor-widget-video .elementor-custom-embed-image-overlay{cursor:pointer;text-align:center}.elementor-widget-video .elementor-custom-embed-image-overlay:hover .elementor-custom-embed-play i{opacity:1}.elementor-widget-video .elementor-custom-embed-image-overlay img{display:block;width:100%}.elementor-widget-video .e-hosted-video .elementor-video{-o-object-fit:cover;object-fit:cover}<\/style>\t\t<div class=\"elementor-wrapper elementor-fit-aspect-ratio elementor-open-inline\">\n\t\t\t<div class=\"elementor-video\"><\/div>\t\t\t\t<div class=\"elementor-custom-embed-image-overlay\" style=\"background-image: url(https:\/\/medellinmeencanta.com\/wp-content\/uploads\/2024\/02\/DSC_0246-Editar-scaled.jpg);\">\n\t\t\t\t\t\t\t\t\t\t\t\t\t\t\t\t<div class=\"elementor-custom-embed-play\" role=\"button\" aria-label=\"Reproducir v\u00eddeo\" tabindex=\"0\">\n\t\t\t\t\t\t\t<i aria-hidden=\"true\" class=\"eicon-play\"><\/i>\t\t\t\t\t\t\t<span class=\"elementor-screen-only\">Reproducir v\u00eddeo<\/span>\n\t\t\t\t\t\t<\/div>\n\t\t\t\t\t\t\t\t\t<\/div>\n\t\t\t\t\t<\/div>\n\t\t\t\t<\/div>\n\t\t\t\t<\/div>\n\t\t\t\t\t<\/div>\n\t\t<\/div>\n\t\t\t\t\t\t\t<\/div>\n\t\t<\/section>\n\t\t<div class=\"elementor-element elementor-element-2cd3718f e-container--column e-container\" data-id=\"2cd3718f\" data-element_type=\"container\" data-settings=\"{&quot;background_background&quot;:&quot;classic&quot;}\">\t\t\t\t<div class=\"elementor-element elementor-element-5aaf07a7 elementor-widget elementor-widget-heading\" data-id=\"5aaf07a7\" data-element_type=\"widget\" data-widget_type=\"heading.default\">\n\t\t\t\t<div class=\"elementor-widget-container\">\n\t\t\t<style>\/*! elementor - v3.6.5 - 27-04-2022 *\/\n.elementor-heading-title{padding:0;margin:0;line-height:1}.elementor-widget-heading .elementor-heading-title[class*=elementor-size-]>a{color:inherit;font-size:inherit;line-height:inherit}.elementor-widget-heading .elementor-heading-title.elementor-size-small{font-size:15px}.elementor-widget-heading .elementor-heading-title.elementor-size-medium{font-size:19px}.elementor-widget-heading .elementor-heading-title.elementor-size-large{font-size:29px}.elementor-widget-heading .elementor-heading-title.elementor-size-xl{font-size:39px}.elementor-widget-heading .elementor-heading-title.elementor-size-xxl{font-size:59px}<\/style><h2 class=\"elementor-heading-title elementor-size-medium\">Tour Guatap\u00e9. La magia oculta de Guatap\u00e9 y la Piedra del Pe\u00f1ol<\/h2>\t\t<\/div>\n\t\t\t\t<\/div>\n\t\t<\/div><div class=\"elementor-element elementor-element-74ec907c e-container--column e-container\" data-id=\"74ec907c\" data-element_type=\"container\">\t\t\t\t<div class=\"elementor-element elementor-element-25038c4a elementor-widget elementor-widget-accordion\" data-id=\"25038c4a\" data-element_type=\"widget\" data-widget_type=\"accordion.default\">\n\t\t\t\t<div class=\"elementor-widget-container\">\n\t\t\t<style>\/*! elementor - v3.6.5 - 27-04-2022 *\/\n.elementor-accordion{text-align:left}.elementor-accordion .elementor-accordion-item{border:1px solid #d4d4d4}.elementor-accordion .elementor-accordion-item+.elementor-accordion-item{border-top:none}.elementor-accordion .elementor-tab-title{margin:0;padding:15px 20px;font-weight:700;line-height:1;cursor:pointer;outline:none}.elementor-accordion .elementor-tab-title .elementor-accordion-icon{display:inline-block;width:1.5em}.elementor-accordion .elementor-tab-title .elementor-accordion-icon svg{width:1em;height:1em}.elementor-accordion .elementor-tab-title .elementor-accordion-icon.elementor-accordion-icon-right{float:right;text-align:right}.elementor-accordion .elementor-tab-title .elementor-accordion-icon.elementor-accordion-icon-left{float:left;text-align:left}.elementor-accordion .elementor-tab-title .elementor-accordion-icon .elementor-accordion-icon-closed{display:block}.elementor-accordion .elementor-tab-title .elementor-accordion-icon .elementor-accordion-icon-opened,.elementor-accordion .elementor-tab-title.elementor-active .elementor-accordion-icon-closed{display:none}.elementor-accordion .elementor-tab-title.elementor-active .elementor-accordion-icon-opened{display:block}.elementor-accordion .elementor-tab-content{display:none;padding:15px 20px;border-top:1px solid #d4d4d4}@media (max-width:767px){.elementor-accordion .elementor-tab-title{padding:12px 15px}.elementor-accordion .elementor-tab-title .elementor-accordion-icon{width:1.2em}.elementor-accordion .elementor-tab-content{padding:7px 15px}}<\/style>\t\t<div class=\"elementor-accordion\" role=\"tablist\">\n\t\t\t\t\t\t\t<div class=\"elementor-accordion-item\">\n\t\t\t\t\t<div id=\"elementor-tab-title-6201\" class=\"elementor-tab-title\" data-tab=\"1\" role=\"tab\" aria-controls=\"elementor-tab-content-6201\" aria-expanded=\"false\">\n\t\t\t\t\t\t\t\t\t\t\t\t\t<span class=\"elementor-accordion-icon elementor-accordion-icon-right\" aria-hidden=\"true\">\n\t\t\t\t\t\t\t\t\t\t\t\t\t\t\t<span class=\"elementor-accordion-icon-closed\"><i class=\"fas fa-chevron-down\"><\/i><\/span>\n\t\t\t\t\t\t\t\t<span class=\"elementor-accordion-icon-opened\"><i class=\"fas fa-angle-double-up\"><\/i><\/span>\n\t\t\t\t\t\t\t\t\t\t\t\t\t\t<\/span>\n\t\t\t\t\t\t\t\t\t\t\t\t<a class=\"elementor-accordion-title\" href=\"\">DESCRIPCI\u00d3N<\/a>\n\t\t\t\t\t<\/div>\n\t\t\t\t\t<div id=\"elementor-tab-content-6201\" class=\"elementor-tab-content elementor-clearfix\" data-tab=\"1\" role=\"tabpanel\" aria-labelledby=\"elementor-tab-title-6201\"><p>Descubre el encanto de Guatap\u00e9 y la Piedra del Pe\u00f1ol en un tour todo incluido, con gu\u00edas expertos que lo llevar\u00e1n en un viaje a trav\u00e9s de su historia y maravillas naturales.<\/p><p>Te invitamos a que disfrutes del Tour Guatape, pueblo de z\u00f3calos y edificaciones con fachadas coloridas, sus grabados que nos muestra las costumbres y la R\u00e9plica del Viejo Pe\u00f1ol con su historia de resilencia.<\/p><p>La panor\u00e1mica de la represa nos invita a navegar el Embalse Pe\u00f1ol Guatap\u00e9.<\/p><\/div>\n\t\t\t\t<\/div>\n\t\t\t\t\t\t\t<div class=\"elementor-accordion-item\">\n\t\t\t\t\t<div id=\"elementor-tab-title-6202\" class=\"elementor-tab-title\" data-tab=\"2\" role=\"tab\" aria-controls=\"elementor-tab-content-6202\" aria-expanded=\"false\">\n\t\t\t\t\t\t\t\t\t\t\t\t\t<span class=\"elementor-accordion-icon elementor-accordion-icon-right\" aria-hidden=\"true\">\n\t\t\t\t\t\t\t\t\t\t\t\t\t\t\t<span class=\"elementor-accordion-icon-closed\"><i class=\"fas fa-chevron-down\"><\/i><\/span>\n\t\t\t\t\t\t\t\t<span class=\"elementor-accordion-icon-opened\"><i class=\"fas fa-angle-double-up\"><\/i><\/span>\n\t\t\t\t\t\t\t\t\t\t\t\t\t\t<\/span>\n\t\t\t\t\t\t\t\t\t\t\t\t<a class=\"elementor-accordion-title\" href=\"\">TARIFAS<\/a>\n\t\t\t\t\t<\/div>\n\t\t\t\t\t<div id=\"elementor-tab-content-6202\" class=\"elementor-tab-content elementor-clearfix\" data-tab=\"2\" role=\"tabpanel\" aria-labelledby=\"elementor-tab-title-6202\"><ul><li>Adultos $ 109.000<\/li><li>Ni\u00f1os mayores de 3 a\u00f1os $ 109.000<\/li><li>Ni\u00f1os de 0 a 02 a\u00f1os $ 11.000<\/li><\/ul><\/div>\n\t\t\t\t<\/div>\n\t\t\t\t\t\t\t<div class=\"elementor-accordion-item\">\n\t\t\t\t\t<div id=\"elementor-tab-title-6203\" class=\"elementor-tab-title\" data-tab=\"3\" role=\"tab\" aria-controls=\"elementor-tab-content-6203\" aria-expanded=\"false\">\n\t\t\t\t\t\t\t\t\t\t\t\t\t<span class=\"elementor-accordion-icon elementor-accordion-icon-right\" aria-hidden=\"true\">\n\t\t\t\t\t\t\t\t\t\t\t\t\t\t\t<span class=\"elementor-accordion-icon-closed\"><i class=\"fas fa-chevron-down\"><\/i><\/span>\n\t\t\t\t\t\t\t\t<span class=\"elementor-accordion-icon-opened\"><i class=\"fas fa-angle-double-up\"><\/i><\/span>\n\t\t\t\t\t\t\t\t\t\t\t\t\t\t<\/span>\n\t\t\t\t\t\t\t\t\t\t\t\t<a class=\"elementor-accordion-title\" href=\"\">HORARIOS<\/a>\n\t\t\t\t\t<\/div>\n\t\t\t\t\t<div id=\"elementor-tab-content-6203\" class=\"elementor-tab-content elementor-clearfix\" data-tab=\"3\" role=\"tabpanel\" aria-labelledby=\"elementor-tab-title-6203\"><p>HORA DE SALIDA: 7:00 A.M <br \/>PUNTO DE ENCUENTRO: Parque del Poblado.<\/p><p>HORA DE SALIDA: 6:30 A.M <br \/>PUNTO DE ENCUENTRO: Estaci\u00f3n Estadio.<\/p><\/div>\n\t\t\t\t<\/div>\n\t\t\t\t\t\t\t<div class=\"elementor-accordion-item\">\n\t\t\t\t\t<div id=\"elementor-tab-title-6204\" class=\"elementor-tab-title\" data-tab=\"4\" role=\"tab\" aria-controls=\"elementor-tab-content-6204\" aria-expanded=\"false\">\n\t\t\t\t\t\t\t\t\t\t\t\t\t<span class=\"elementor-accordion-icon elementor-accordion-icon-right\" aria-hidden=\"true\">\n\t\t\t\t\t\t\t\t\t\t\t\t\t\t\t<span class=\"elementor-accordion-icon-closed\"><i class=\"fas fa-chevron-down\"><\/i><\/span>\n\t\t\t\t\t\t\t\t<span class=\"elementor-accordion-icon-opened\"><i class=\"fas fa-angle-double-up\"><\/i><\/span>\n\t\t\t\t\t\t\t\t\t\t\t\t\t\t<\/span>\n\t\t\t\t\t\t\t\t\t\t\t\t<a class=\"elementor-accordion-title\" href=\"\">INCLUYE<\/a>\n\t\t\t\t\t<\/div>\n\t\t\t\t\t<div id=\"elementor-tab-content-6204\" class=\"elementor-tab-content elementor-clearfix\" data-tab=\"4\" role=\"tabpanel\" aria-labelledby=\"elementor-tab-title-6204\"><ul><li>Transporte C\u00f3modo y Seguro<br \/>Transporte ida y regreso Medell\u00edn Guatap\u00e9, en veh\u00edculos c\u00f3modos y seguros seg\u00fan al n\u00famero de personas.<\/li><li>Alimentaci\u00f3n t\u00edpica de la regi\u00f3n<br \/>Deleitamos a nuestros acompa\u00f1antes con la deliciosa cocina colombiana. Ofrecemos Almuerzo t\u00edpico de la regi\u00f3n.<\/li><li>Visitas y recorridos<br \/>Marav\u00edllate con los Municipios del Nuevo Pe\u00f1ol y Guatap\u00e9.<br \/>Descubre la belleza de la r\u00e9plica del Viejo Pe\u00f1ol.<br \/>Disfruta la vista \u00fanica en el embalse desde embarcaci\u00f3n.<br \/>Disfruta hermosos paisajes en la cima de la Piedra del Pe\u00f1ol. (No incluye su ascenso, se paga en el destino).<br \/>Recorre algunas calles de Guatap\u00e9, los z\u00f3calos y el Malec\u00f3n.<br \/>Conoce tiendas artesanales (Plazoleta los Z\u00f3calos) 100% local.<\/li><li>Gu\u00eda Acompa\u00f1ante Biling\u00fce<br \/>Gu\u00edas expertos que te llevar\u00e1n en un viaje a trav\u00e9s de la historia y maravillas naturales de Guatap\u00e9 y la Piedra del Pe\u00f1ol.<\/li><li>Tarjeta de Asistencia M\u00e9dica<br \/>Ahora puedes viajar con total tranquilidad por todo el pa\u00eds, con el respaldo de la asistencia al viajero.<\/li><\/ul><\/div>\n\t\t\t\t<\/div>\n\t\t\t\t\t\t\t<div class=\"elementor-accordion-item\">\n\t\t\t\t\t<div id=\"elementor-tab-title-6205\" class=\"elementor-tab-title\" data-tab=\"5\" role=\"tab\" aria-controls=\"elementor-tab-content-6205\" aria-expanded=\"false\">\n\t\t\t\t\t\t\t\t\t\t\t\t\t<span class=\"elementor-accordion-icon elementor-accordion-icon-right\" aria-hidden=\"true\">\n\t\t\t\t\t\t\t\t\t\t\t\t\t\t\t<span class=\"elementor-accordion-icon-closed\"><i class=\"fas fa-chevron-down\"><\/i><\/span>\n\t\t\t\t\t\t\t\t<span class=\"elementor-accordion-icon-opened\"><i class=\"fas fa-angle-double-up\"><\/i><\/span>\n\t\t\t\t\t\t\t\t\t\t\t\t\t\t<\/span>\n\t\t\t\t\t\t\t\t\t\t\t\t<a class=\"elementor-accordion-title\" href=\"\">RECOMENDACIONES<\/a>\n\t\t\t\t\t<\/div>\n\t\t\t\t\t<div id=\"elementor-tab-content-6205\" class=\"elementor-tab-content elementor-clearfix\" data-tab=\"5\" role=\"tabpanel\" aria-labelledby=\"elementor-tab-title-6205\"><ul><li>Portar ropa y zapatos c\u00f3modos \u2013 usar bloqueador solar, gafas, abrigo, gorra o sombrero.<\/li><li>Se requiere previa reservaci\u00f3n, llevar c\u00e1mara fotogr\u00e1fica.<\/li><li>El uso de chaleco es obligatorio en el barco.<\/li><li>La tarjeta de asistencia no aplica para personas en estado de embriaguez o bajo efecto de sustancias psicoactivas.<\/li><li>Ser amigable con el medio ambiente, proteger el patrimonio arquitect\u00f3nico y cultural, atender orientaciones del gu\u00eda.<\/li><li>Agradecemos la puntualidad para que nuestro tour sea un \u00e9xito.<\/li><li>Portar siempre sus documentos de Identidad Originales.<\/li><li>Si va a realizar sus pagos con tarjeta de cr\u00e9dito presentar la documentaci\u00f3n que los acredite como titular de la tarjeta.<\/li><li>te como titular de la tarjeta.<\/li><\/ul><\/div>\n\t\t\t\t<\/div>\n\t\t\t\t\t\t\t<div class=\"elementor-accordion-item\">\n\t\t\t\t\t<div id=\"elementor-tab-title-6206\" class=\"elementor-tab-title\" data-tab=\"6\" role=\"tab\" aria-controls=\"elementor-tab-content-6206\" aria-expanded=\"false\">\n\t\t\t\t\t\t\t\t\t\t\t\t\t<span class=\"elementor-accordion-icon elementor-accordion-icon-right\" aria-hidden=\"true\">\n\t\t\t\t\t\t\t\t\t\t\t\t\t\t\t<span class=\"elementor-accordion-icon-closed\"><i class=\"fas fa-chevron-down\"><\/i><\/span>\n\t\t\t\t\t\t\t\t<span class=\"elementor-accordion-icon-opened\"><i class=\"fas fa-angle-double-up\"><\/i><\/span>\n\t\t\t\t\t\t\t\t\t\t\t\t\t\t<\/span>\n\t\t\t\t\t\t\t\t\t\t\t\t<a class=\"elementor-accordion-title\" href=\"\">OPINIONES<\/a>\n\t\t\t\t\t<\/div>\n\t\t\t\t\t<div id=\"elementor-tab-content-6206\" class=\"elementor-tab-content elementor-clearfix\" data-tab=\"6\" role=\"tabpanel\" aria-labelledby=\"elementor-tab-title-6206\"><p>Excelente experiencia<\/p><\/div>\n\t\t\t\t<\/div>\n\t\t\t\t\t\t\t\t<\/div>\n\t\t\t\t<\/div>\n\t\t\t\t<\/div>\n\t\t<\/div><div class=\"elementor-element elementor-element-4ea4c1bd e-container--row e-container\" data-id=\"4ea4c1bd\" data-element_type=\"container\" data-settings=\"{&quot;background_background&quot;:&quot;classic&quot;}\">\t\t<div class=\"elementor-element elementor-element-4cb175a4 e-container--column e-container\" data-id=\"4cb175a4\" data-element_type=\"container\">\t\t\t\t<div class=\"elementor-element elementor-element-109be4b3 elementor-widget elementor-widget-text-editor\" data-id=\"109be4b3\" data-element_type=\"widget\" data-widget_type=\"text-editor.default\">\n\t\t\t\t<div class=\"elementor-widget-container\">\n\t\t\t<style>\/*! elementor - v3.6.5 - 27-04-2022 *\/\n.elementor-widget-text-editor.elementor-drop-cap-view-stacked .elementor-drop-cap{background-color:#818a91;color:#fff}.elementor-widget-text-editor.elementor-drop-cap-view-framed .elementor-drop-cap{color:#818a91;border:3px solid;background-color:transparent}.elementor-widget-text-editor:not(.elementor-drop-cap-view-default) .elementor-drop-cap{margin-top:8px}.elementor-widget-text-editor:not(.elementor-drop-cap-view-default) .elementor-drop-cap-letter{width:1em;height:1em}.elementor-widget-text-editor .elementor-drop-cap{float:left;text-align:center;line-height:1;font-size:50px}.elementor-widget-text-editor .elementor-drop-cap-letter{display:inline-block}<\/style>\t\t\t\t<p><span style=\"color: #808080;\">Desde<\/span><\/p><p>$ 119.000<\/p>\t\t\t\t\t\t<\/div>\n\t\t\t\t<\/div>\n\t\t<\/div><div class=\"elementor-element elementor-element-59e61c4b e-container--column e-container\" data-id=\"59e61c4b\" data-element_type=\"container\">\t\t\t\t<div class=\"elementor-element elementor-element-7c535b40 elementor-add-to-cart--align-left elementor-add-to-cart-mobile--align-center elementor-widget elementor-widget-wc-add-to-cart\" data-id=\"7c535b40\" data-element_type=\"widget\" data-widget_type=\"wc-add-to-cart.default\">\n\t\t\t\t<div class=\"elementor-widget-container\">\n\t\t\t<link rel=\"stylesheet\" href=\"https:\/\/medellinmeencanta.com\/wp-content\/plugins\/elementor-pro\/assets\/css\/widget-woocommerce.min.css\">\t\t<div class=\"elementor-button-wrapper\">\n\t\t\t<a rel=\"nofollow\" href=\"https:\/\/medellinmeencanta.com\/index.php\/producto\/tour-guatape\/\" data-quantity=\"1\" data-product_id=\"3567\" class=\"product_type_booking add_to_cart_button elementor-button elementor-size-lg elementor-animation-grow\" role=\"button\">\n\t\t\t\t\t\t<span class=\"elementor-button-content-wrapper\">\n\t\t\t\t\t\t\t<span class=\"elementor-button-icon elementor-align-icon-right\">\n\t\t\t\t<i aria-hidden=\"true\" class=\"fab fa-sistrix\"><\/i>\t\t\t<\/span>\n\t\t\t\t\t\t<span class=\"elementor-button-text\">Ver disponibilidad<\/span>\n\t\t<\/span>\n\t\t\t\t\t<\/a>\n\t\t<\/div>\n\t\t\t\t<\/div>\n\t\t\t\t<\/div>\n\t\t<\/div><\/div><div class=\"elementor-element elementor-element-430a23a1 e-container--column e-container\" data-id=\"430a23a1\" data-element_type=\"container\">\t\t\t\t<div class=\"elementor-element elementor-element-dabf93b elementor-widget-mobile__width-inherit elementor-widget elementor-widget-heading\" data-id=\"dabf93b\" data-element_type=\"widget\" data-widget_type=\"heading.default\">\n\t\t\t\t<div class=\"elementor-widget-container\">\n\t\t\t<h2 class=\"elementor-heading-title elementor-size-default\">\u00a1Qu\u00e9 hacer en Medell\u00edn que te encantar\u00e1!<\/h2>\t\t<\/div>\n\t\t\t\t<\/div>\n\t\t<\/div><div class=\"elementor-element elementor-element-1e382f48 e-container--column e-container\" data-id=\"1e382f48\" data-element_type=\"container\">\t\t\t\t<div class=\"elementor-element elementor-element-4a67b3ad elementor-grid-mobile-1 elementor-product-loop-item--align-left elementor-grid-4 elementor-grid-tablet-3 elementor-products-grid elementor-wc-products elementor-widget elementor-widget-woocommerce-products\" data-id=\"4a67b3ad\" data-element_type=\"widget\" data-widget_type=\"woocommerce-products.default\">\n\t\t\t\t<div class=\"elementor-widget-container\">\n\t\t\t<div class=\"woocommerce columns-4 \"><ul class=\"products elementor-grid columns-4\">\n<li class=\"product type-product post-3062 status-publish first instock product_cat-medellin-me-encanta has-post-thumbnail virtual sold-individually purchasable product-type-booking\">\n\t<\/li>\n<li class=\"product type-product post-309 status-publish instock product_cat-medellin-me-encanta has-post-thumbnail virtual sold-individually purchasable product-type-booking\">\n\t<\/li>\n<li class=\"product type-product post-385 status-publish instock product_cat-san-sebastian-de-palmitas has-post-thumbnail virtual sold-individually purchasable product-type-booking\">\n\t<\/li>\n<li class=\"product type-product post-278 status-publish last instock product_cat-medellin-me-encanta has-post-thumbnail virtual sold-individually purchasable product-type-booking\">\n\t<\/li>\n<\/ul>\n<\/div>\t\t<\/div>\n\t\t\t\t<\/div>\n\t\t<\/div>\t\t\t\t\t<\/div>\n\t\t","protected":false},"excerpt":{"rendered":"<p>Tour Guatap\u00e9. La magia oculta de Guatap\u00e9 y la Piedra del Pe\u00f1ol DESCRIPCI\u00d3N Descubre el encanto de Guatap\u00e9 y la Piedra del Pe\u00f1ol en un tour todo incluido, con gu\u00edas expertos que lo llevar\u00e1n en un viaje a trav\u00e9s de su historia y maravillas naturales. Te invitamos a que disfrutes del Tour Guatape, pueblo de [&hellip;]<\/p>\n","protected":false},"author":2,"featured_media":0,"parent":0,"menu_order":0,"comment_status":"closed","ping_status":"closed","template":"","meta":{"footnotes":"","_joinchat":[]},"_links":{"self":[{"href":"https:\/\/medellinmeencanta.com\/index.php\/wp-json\/wp\/v2\/pages\/943"}],"collection":[{"href":"https:\/\/medellinmeencanta.com\/index.php\/wp-json\/wp\/v2\/pages"}],"about":[{"href":"https:\/\/medellinmeencanta.com\/index.php\/wp-json\/wp\/v2\/types\/page"}],"author":[{"embeddable":true,"href":"https:\/\/medellinmeencanta.com\/index.php\/wp-json\/wp\/v2\/users\/2"}],"replies":[{"embeddable":true,"href":"https:\/\/medellinmeencanta.com\/index.php\/wp-json\/wp\/v2\/comments?post=943"}],"version-history":[{"count":128,"href":"https:\/\/medellinmeencanta.com\/index.php\/wp-json\/wp\/v2\/pages\/943\/revisions"}],"predecessor-version":[{"id":4500,"href":"https:\/\/medellinmeencanta.com\/index.php\/wp-json\/wp\/v2\/pages\/943\/revisions\/4500"}],"wp:attachment":[{"href":"https:\/\/medellinmeencanta.com\/index.php\/wp-json\/wp\/v2\/media?parent=943"}],"curies":[{"name":"wp","href":"https:\/\/api.w.org\/{rel}","templated":true}]}}